{"id":627,"date":"2026-04-28T12:18:10","date_gmt":"2026-04-28T12:18:10","guid":{"rendered":"https:\/\/dtsconference.org\/?page_id=627"},"modified":"2026-04-28T12:20:05","modified_gmt":"2026-04-28T12:20:05","slug":"committee-2","status":"publish","type":"page","link":"https:\/\/dtsconference.org\/index.php\/committee-2\/","title":{"rendered":"Local Organizing Committee"},"content":{"rendered":"<p>Prof. Francesco Schiavone, Universit\u00e0 degli Studi di Napoli &#8220;Parthenope&#8221;<br \/>\nProf. Nessrine Omrani, Paris School of Business<br \/>\nProf. Daniele Leone, Universit\u00e0 degli Studi di Napoli &#8220;Parthenope&#8221;<br \/>\nAnna Bastone, Universit\u00e0 degli Studi di Napoli &#8220;Parthenope&#8221;<br \/>\nAnnaluce Mandiello, Universit\u00e0 degli Studi di Napoli &#8220;Parthenope&#8221;<br \/>\nIlaria Tufano, Universit\u00e0 degli Studi di Napoli &#8220;Parthenope&#8221;<br \/>\nRaffaele Storti, Universit\u00e0 degli Studi di Napoli &#8220;Parthenope&#8221;<br \/>\nAndrea Gargiulo, Universit\u00e0 degli Studi di Napoli &#8220;Parthenope&#8221;<br \/>\nAndrea Pone, Universit\u00e0 degli Studi di Napoli &#8220;Parthenope&#8221;<br \/>\nClaudia Perillo, Universit\u00e0 di Teramo<br \/>\nRenato Cuccillato, Universit\u00e0 degli Studi di Napoli &#8220;Parthenope&#8221;<br \/>\nGiusy Abbate Universit\u00e0 degli Studi di Napoli &#8220;Parthenope&#8221;<br \/>\nAngelo Giordano, Universit\u00e0 degli Studi di Napoli &#8220;Parthenope&#8221;<br \/>\nRita D\u2019Apice, Universit\u00e0 degli Studi di Napoli &#8220;Parthenope&#8221;<\/p>\n","protected":false},"excerpt":{"rendered":"<p>Prof. Francesco Schiavone, Universit\u00e0 degli Studi di Napoli &#8220;Parthenope&#8221; Prof. Nessrine Omrani, Paris School of Business Prof. Daniele Leone, Universit\u00e0 degli Studi di Napoli &#8220;Parthenope&#8221; Anna Bastone, Universit\u00e0 degli Studi di Napoli &#8220;Parthenope&#8221; Annaluce Mandiello, Universit\u00e0 degli Studi di Napoli &#8220;Parthenope&#8221; Ilaria Tufano, Universit\u00e0 degli Studi di Napoli &#8220;Parthenope&#8221; Raffaele Storti, Universit\u00e0 degli Studi di&hellip;&nbsp;<\/p>\n","protected":false},"author":2,"featured_media":0,"parent":0,"menu_order":0,"comment_status":"closed","ping_status":"closed","template":"","meta":{"_monsterinsights_skip_tracking":false,"_monsterinsights_sitenote_active":false,"_monsterinsights_sitenote_note":"","_monsterinsights_sitenote_category":0,"neve_meta_sidebar":"","neve_meta_container":"","neve_meta_enable_content_width":"off","neve_meta_content_width":100,"neve_meta_title_alignment":"","neve_meta_author_avatar":"","neve_post_elements_order":"","neve_meta_disable_header":"","neve_meta_disable_footer":"","neve_meta_disable_title":"","footnotes":""},"class_list":["post-627","page","type-page","status-publish","hentry"],"_links":{"self":[{"href":"https:\/\/dtsconference.org\/index.php\/wp-json\/wp\/v2\/pages\/627","targetHints":{"allow":["GET"]}}],"collection":[{"href":"https:\/\/dtsconference.org\/index.php\/wp-json\/wp\/v2\/pages"}],"about":[{"href":"https:\/\/dtsconference.org\/index.php\/wp-json\/wp\/v2\/types\/page"}],"author":[{"embeddable":true,"href":"https:\/\/dtsconference.org\/index.php\/wp-json\/wp\/v2\/users\/2"}],"replies":[{"embeddable":true,"href":"https:\/\/dtsconference.org\/index.php\/wp-json\/wp\/v2\/comments?post=627"}],"version-history":[{"count":2,"href":"https:\/\/dtsconference.org\/index.php\/wp-json\/wp\/v2\/pages\/627\/revisions"}],"predecessor-version":[{"id":630,"href":"https:\/\/dtsconference.org\/index.php\/wp-json\/wp\/v2\/pages\/627\/revisions\/630"}],"wp:attachment":[{"href":"https:\/\/dtsconference.org\/index.php\/wp-json\/wp\/v2\/media?parent=627"}],"curies":[{"name":"wp","href":"https:\/\/api.w.org\/{rel}","templated":true}]}}